{"id":3,"date":"2024-05-02T18:36:46","date_gmt":"2024-05-02T18:36:46","guid":{"rendered":"http:\/\/www.kuusioasiantuntijat.fi\/?page_id=3"},"modified":"2024-08-11T19:04:40","modified_gmt":"2024-08-11T19:04:40","slug":"privacy-policy","status":"publish","type":"page","link":"https:\/\/www.kuusioasiantuntijat.fi\/index.php\/privacy-policy\/","title":{"rendered":"Tietosuojaseloste"},"content":{"rendered":"<h1 class=\"wp-block wp-block-post-title block-editor-block-list__block editor-post-title editor-post-title__input rich-text\" role=\"textbox\" contenteditable=\"true\" aria-label=\"Lis\u00e4\u00e4 otsikko\" aria-multiline=\"true\">Tietosuojaseloste<\/h1>\n<h2>11.6.2024<\/h2>\n<h2>Rekisterin nimi<\/h2>\n<p>Kuusio Asiantuntijat Oy:n (3442471-7) yhteisty\u00f6- ja asiakasrekisteri<\/p>\n<h2>Yleist\u00e4<\/h2>\n<p>T\u00e4m\u00e4 on KuusioAsiantuntijat Oy:n henkil\u00f6tietolain (523\/99) 10 \u00a7 ja 24 \u00a7 sek\u00e4 EU:n yleisen tietosuoja-asetuksen (GDPR) mukainen rekisteri- ja tietosuojaseloste. T\u00e4m\u00e4 tietosuojaseloste koskee yhteisty\u00f6psykologien sek\u00e4 organisaatioasiakkaiden ja niiden yhteyshenkil\u00f6iden henkil\u00f6tietojen k\u00e4sittely\u00e4.<\/p>\n<p>\u00a0<\/p>\n<h2>1. Rekisterinpit\u00e4j\u00e4 ja tietosuojavastaaja<\/h2>\n<p>yhteystiedot rekisteri\u00e4 koskevissa asioissa<\/p>\n<p>KuusioAsiantuntijat Oy, tietohallinto<br \/>meeri.tolli@kuusioasiantuntijat.fi<br \/>PL8, 01901<\/p>\n<h2>2. Henkil\u00f6tietojen k\u00e4sittelyn tarkoitus<\/h2>\n<p>Rekisteriin tallennetaan KuusioAsiantuntijat Oy:n olemassa olevien tai mahdollisten yhteisty\u00f6psykologien sek\u00e4 asiakas- ja yhteisty\u00f6organisaatioiden yhteyshenkil\u00f6iden tietoja. Yhteystietoja k\u00e4ytet\u00e4\u00e4n uusien tahojen kontaktointiin, sek\u00e4 viestint\u00e4- ja<br \/>markkinointitarkoitukseen. K\u00e4ytt\u00f6tarkoitus on rekrytointiasioiden hoitaminen sek\u00e4 yhteisty\u00f6suhdeasioiden ja niihin<br \/>liittyvien velvoitteiden hoitaminen. Perusteena on ty\u00f6n ty\u00f6nhakijan antama suostumus tai ty\u00f6nhakijan ja KuusioAsiantuntijat Oy:n v\u00e4lisest\u00e4 suhteesta syntynyt etu.<\/p>\n<h2>3. Rekisterin sis\u00e4lt\u00f6<\/h2>\n<p>Rekister\u00f6idyt ovat yhteisty\u00f6psykologeja tai asiakas- ja yhteisty\u00f6organisaatioiden edustajia. Yhteisty\u00f6organisaatioiden edustajista tallennetaan tarvittavat yhteystiedot; nimi, s\u00e4hk\u00f6postiosoite ja puhelinnumero ja muut yhteisty\u00f6n kannalta tarpeelliset tiedot.<br \/>Ty\u00f6nhakuun liittyen rekisteriin tallennetaan yhteisty\u00f6kumppanin nimi, ty\u00f6nimike\/ammattioikeudet, syntym\u00e4aika, s\u00e4hk\u00f6postiosoite ja puhelinnumero, kotiosoite. Lis\u00e4ksi voidaan tallentaa yhteisty\u00f6psykologien ty\u00f6- ja koulutushistoriatietoja tai hakemus,<br \/>ty\u00f6suhdetta koskeva tahtotila ja ehdot sek\u00e4 muut rekrytoinnin kannalta tarpeelliset tiedot. Rekisterist\u00e4 luovutetaan yhteisty\u00f6psykologin luvalla asiakasorganisaatiolle tarpeen mukaiset tiedot. Henkil\u00f6tietojen s\u00e4ilytyksess\u00e4 noudatetaan kulloinkin voimassa olevaa STM:n asetusta.<\/p>\n<h2>4. Henkil\u00f6tietojen s\u00e4ilytysaika<\/h2>\n<p>S\u00e4ilyt\u00e4mme tietoja yhteisty\u00f6suhteen ajan tai niin kauan kuin on tarpeen KuusioAsiantuntijat Oy:n oikeuksien ja velvollisuuksien t\u00e4ytt\u00e4miseksi. S\u00e4ilyt\u00e4mme tietoja my\u00f6s, jos henkil\u00f6 toivoo tietojensa s\u00e4ilytt\u00e4mist\u00e4 esimerkiksi tulevien ty\u00f6teht\u00e4vien tarjoamiseksi.<br \/>\u00a0<br \/>K\u00e4sitelt\u00e4v\u00e4t henkil\u00f6tiedot ker\u00e4t\u00e4\u00e4n p\u00e4\u00e4asiassa yhteisty\u00f6kumppaneilta itselt\u00e4\u00e4n. Lis\u00e4ksi tietoja voidaan ker\u00e4t\u00e4 muista asianmukaisista julkisista tietol\u00e4hteist\u00e4.\u00a0<br \/>\u00a0<\/p>\n<h2>5. Tietojen s\u00e4\u00e4nn\u00f6nmukaiset luovutukset ja tietojen siirto EU:n tai ETA:n ulkopuolelle<\/h2>\n<p>Tietoja ei siirret\u00e4 EU:n tai ETA:n ulkopuolelle.<\/p>\n<h2>\u00a0<\/h2>\n<h2>6. Rekisterin suojauksen periaatteet<\/h2>\n<p>Tietoja k\u00e4ytt\u00e4v\u00e4t ainoastaan ne henkil\u00f6t, joiden ty\u00f6nkuvaan se kuuluu ja niihin p\u00e4\u00e4see k\u00e4siksi vain salasanan ja k\u00e4ytt\u00e4j\u00e4tunnuksen avulla. Tiedot on suojattu asianmukaisesti.\u00a0<\/p>\n<h2>\u00a0<\/h2>\n<h2>7. Tarkastusoikeus ja oikeus vaatia tiedon korjaamista<\/h2>\n<p>Rekister\u00f6idyll\u00e4 on oikeus tarkastaa itse\u00e4\u00e4n koskevat rekisteriin tallennetut tiedot. Rekister\u00f6idyll\u00e4 on my\u00f6s oikeus kielt\u00e4\u00e4 rekisterinpit\u00e4j\u00e4\u00e4 k\u00e4sittelem\u00e4st\u00e4 itse\u00e4\u00e4n koskevia tietoja. Omien tietojen tarkastusta tai niiden k\u00e4sittelyn kieltoa voi pyyt\u00e4\u00e4 kirjallisesti tietosuojavastaavalta. Rekister\u00f6idyll\u00e4 on oikeus kulloinkin voimassa olevan tietosuojalains\u00e4\u00e4d\u00e4nn\u00f6n mukaisesti tarkastaa, mit\u00e4 h\u00e4nt\u00e4 koskevia tietoja rekisteriin on<br \/>tallennettu (tarkastusoikeus). Tarkastuspyynt\u00f6 tulee tehd\u00e4 kirjallisesti tietosuojavastaavalta.<\/p>\n<h2>8. Profilointi<\/h2>\n<p>Henkil\u00f6tietoja ei k\u00e4ytet\u00e4 profilointiin tai automaattiseen p\u00e4\u00e4t\u00f6ksentekoon.<\/p>\n<h2>\u00a0<\/h2>\n<p>\u00a0<\/p>\n","protected":false},"excerpt":{"rendered":"<p>Tietosuojaseloste 11.6.2024 Rekisterin nimi Kuusio Asiantuntijat Oy:n (3442471-7) yhteisty\u00f6- ja asiakasrekisteri Yleist\u00e4 T\u00e4m\u00e4 on KuusioAsiantuntijat Oy:n henkil\u00f6tietolain (523\/99) 10 \u00a7 ja 24 \u00a7 sek\u00e4 EU:n yleisen tietosuoja-asetuksen (GDPR) mukainen rekisteri- &#8230;<\/p>\n","protected":false},"author":1,"featured_media":0,"parent":0,"menu_order":0,"comment_status":"closed","ping_status":"open","template":"","meta":{"footnotes":""},"class_list":["post-3","page","type-page","status-publish","hentry"],"_links":{"self":[{"href":"https:\/\/www.kuusioasiantuntijat.fi\/index.php\/wp-json\/wp\/v2\/pages\/3"}],"collection":[{"href":"https:\/\/www.kuusioasiantuntijat.fi\/index.php\/wp-json\/wp\/v2\/pages"}],"about":[{"href":"https:\/\/www.kuusioasiantuntijat.fi\/index.php\/wp-json\/wp\/v2\/types\/page"}],"author":[{"embeddable":true,"href":"https:\/\/www.kuusioasiantuntijat.fi\/index.php\/wp-json\/wp\/v2\/users\/1"}],"replies":[{"embeddable":true,"href":"https:\/\/www.kuusioasiantuntijat.fi\/index.php\/wp-json\/wp\/v2\/comments?post=3"}],"version-history":[{"count":3,"href":"https:\/\/www.kuusioasiantuntijat.fi\/index.php\/wp-json\/wp\/v2\/pages\/3\/revisions"}],"predecessor-version":[{"id":180,"href":"https:\/\/www.kuusioasiantuntijat.fi\/index.php\/wp-json\/wp\/v2\/pages\/3\/revisions\/180"}],"wp:attachment":[{"href":"https:\/\/www.kuusioasiantuntijat.fi\/index.php\/wp-json\/wp\/v2\/media?parent=3"}],"curies":[{"name":"wp","href":"https:\/\/api.w.org\/{rel}","templated":true}]}}